{"id":1619,"date":"2023-06-15T11:06:54","date_gmt":"2023-06-15T09:06:54","guid":{"rendered":"http:\/\/test.casesvintiu.com\/?page_id=1619"},"modified":"2025-03-17T12:02:37","modified_gmt":"2025-03-17T11:02:37","slug":"home","status":"publish","type":"page","link":"https:\/\/casesvintiu.com\/en\/","title":{"rendered":"Home"},"content":{"rendered":"\t\t<div data-elementor-type=\"wp-page\" data-elementor-id=\"1619\" class=\"elementor elementor-1619 elementor-12\" data-elementor-post-type=\"page\">\n\t\t\t\t<section class=\"elementor-element elementor-element-2bf6fee e-con-full e-flex e-con e-parent\" data-id=\"2bf6fee\" data-element_type=\"container\" data-e-type=\"container\" id=\"home-intro\" data-settings=\"{&quot;background_background&quot;:&quot;classic&quot;}\">\n\t\t<div class=\"elementor-element elementor-element-59d38da e-con-full e-flex e-con e-child\" data-id=\"59d38da\" data-element_type=\"container\" data-e-type=\"container\" data-settings=\"{&quot;background_background&quot;:&quot;classic&quot;}\">\n\t\t<div class=\"elementor-element elementor-element-d2e2c1f e-con-full e-flex e-con e-child\" data-id=\"d2e2c1f\" data-element_type=\"container\" data-e-type=\"container\">\n\t\t\t\t<div class=\"elementor-element elementor-element-5127b7e elementor-widget elementor-widget-heading\" data-id=\"5127b7e\" data-element_type=\"widget\" data-e-type=\"widget\" data-widget_type=\"heading.default\">\n\t\t\t\t<div class=\"elementor-widget-container\">\n\t\t\t\t\t<h1 class=\"elementor-heading-title elementor-size-default\">CASES <br class=\"mobile\"><span style=\"white-space: nowrap\">VINT-I-U<\/span><br>Holiday homes on the Costa Brava<\/h1>\t\t\t\t<\/div>\n\t\t\t\t<\/div>\n\t\t\t\t<\/div>\n\t\t<div class=\"elementor-element elementor-element-b98b12d e-con-full e-flex e-con e-child\" data-id=\"b98b12d\" data-element_type=\"container\" data-e-type=\"container\">\n\t\t\t\t<div class=\"elementor-element elementor-element-c93c095 elementor-hidden-mobile elementor-widget elementor-widget-heading\" data-id=\"c93c095\" data-element_type=\"widget\" data-e-type=\"widget\" data-widget_type=\"heading.default\">\n\t\t\t\t<div class=\"elementor-widget-container\">\n\t\t\t\t\t<h2 class=\"elementor-heading-title elementor-size-default\">Dream seaside holidays for 4-6 people<\/h2>\t\t\t\t<\/div>\n\t\t\t\t<\/div>\n\t\t\t\t<div class=\"elementor-element elementor-element-fda8fec elementor-view-default elementor-widget elementor-widget-icon\" data-id=\"fda8fec\" data-element_type=\"widget\" data-e-type=\"widget\" data-widget_type=\"icon.default\">\n\t\t\t\t<div class=\"elementor-widget-container\">\n\t\t\t\t\t\t\t<div class=\"elementor-icon-wrapper\">\n\t\t\t<a class=\"elementor-icon\" href=\"#down\">\n\t\t\t<svg xmlns=\"http:\/\/www.w3.org\/2000\/svg\" width=\"82\" height=\"82\" viewBox=\"0 0 82 82\" fill=\"none\"><rect y=\"40.7701\" width=\"57.6003\" height=\"57.6003\" rx=\"5\" transform=\"rotate(-45.0572 0 40.7701)\" fill=\"#F3EFE8\" fill-opacity=\"0.3\"><\/rect><g clip-path=\"url(#clip0_611_633)\"><path d=\"M58.9909 39.509L57.2629 37.7809L40.5588 54.485L23.8547 37.7809L22.1266 39.5089L40.5588 57.9411L58.9909 39.509Z\" fill=\"#F3EFE8\"><\/path><\/g><defs><clipPath id=\"clip0_611_633\"><rect width=\"41.4206\" height=\"41.4206\" fill=\"white\" transform=\"translate(61.2691 27.0828) rotate(90)\"><\/rect><\/clipPath><\/defs><\/svg>\t\t\t<\/a>\n\t\t<\/div>\n\t\t\t\t\t\t<\/div>\n\t\t\t\t<\/div>\n\t\t\t\t<\/div>\n\t\t\t\t<\/div>\n\t\t\t\t<\/section>\n\t\t<div class=\"elementor-element elementor-element-e7aee9b e-flex e-con-boxed e-con e-parent\" data-id=\"e7aee9b\" data-element_type=\"container\" data-e-type=\"container\" id=\"anker\" data-settings=\"{&quot;background_background&quot;:&quot;classic&quot;}\">\n\t\t\t\t\t<div class=\"e-con-inner\">\n\t\t\t\t<div class=\"elementor-element elementor-element-c01336f elementor-widget elementor-widget-menu-anchor\" data-id=\"c01336f\" data-element_type=\"widget\" data-e-type=\"widget\" data-widget_type=\"menu-anchor.default\">\n\t\t\t\t<div class=\"elementor-widget-container\">\n\t\t\t\t\t\t\t<div class=\"elementor-menu-anchor\" id=\"down\"><\/div>\n\t\t\t\t\t\t<\/div>\n\t\t\t\t<\/div>\n\t\t\t\t\t<\/div>\n\t\t\t\t<\/div>\n\t\t<section class=\"elementor-element elementor-element-4f9ef87 e-con-full e-flex e-con e-parent\" data-id=\"4f9ef87\" data-element_type=\"container\" data-e-type=\"container\" data-settings=\"{&quot;background_background&quot;:&quot;classic&quot;}\">\n\t\t<div class=\"elementor-element elementor-element-da84dee e-con-full e-flex e-con e-child\" data-id=\"da84dee\" data-element_type=\"container\" data-e-type=\"container\">\n\t\t\t\t<div class=\"elementor-element elementor-element-77f28ec wave-beige elementor-widget elementor-widget-heading\" data-id=\"77f28ec\" data-element_type=\"widget\" data-e-type=\"widget\" data-widget_type=\"heading.default\">\n\t\t\t\t<div class=\"elementor-widget-container\">\n\t\t\t\t\t<h3 class=\"elementor-heading-title elementor-size-default\">Holiday bliss in the <br>Pine or Sea House<\/h3>\t\t\t\t<\/div>\n\t\t\t\t<\/div>\n\t\t\t\t<div class=\"elementor-element elementor-element-19553c8 elementor-widget elementor-widget-text-editor\" data-id=\"19553c8\" data-element_type=\"widget\" data-e-type=\"widget\" data-widget_type=\"text-editor.default\">\n\t\t\t\t<div class=\"elementor-widget-container\">\n\t\t\t\t\t\t\t\t\t<p>The CASES VINT-I-U are two holiday homes \u2013 Caseta Pi and Caseta Mar, also known as the Pine House and Sea House. It\u2019s just a few steps down to the water and a couple of minutes\u2019 walk to the nearest little bay. There\u2019s lots to discover all around the houses at any time of year.<\/p>\n\t\t\t\t\t\t\t\t<\/div>\n\t\t\t\t<\/div>\n\t\t\t\t<\/div>\n\t\t<div class=\"elementor-element elementor-element-10eddd0 e-con-full e-flex e-con e-child\" data-id=\"10eddd0\" data-element_type=\"container\" data-e-type=\"container\">\n\t\t\t\t<div class=\"elementor-element elementor-element-9444fef wobble-left elementor-widget elementor-widget-image\" data-id=\"9444fef\" data-element_type=\"widget\" data-e-type=\"widget\" data-widget_type=\"image.default\">\n\t\t\t\t<div class=\"elementor-widget-container\">\n\t\t\t\t\t\t\t\t\t\t\t\t\t\t\t<img fetchpriority=\"high\" decoding=\"async\" width=\"800\" height=\"534\" src=\"https:\/\/casesvintiu.com\/wp-content\/uploads\/2023\/06\/cases-vint-i-u-07.jpg\" class=\"attachment-large size-large wp-image-1412\" alt=\"\" srcset=\"https:\/\/casesvintiu.com\/wp-content\/uploads\/2023\/06\/cases-vint-i-u-07.jpg 1000w, https:\/\/casesvintiu.com\/wp-content\/uploads\/2023\/06\/cases-vint-i-u-07-300x200.jpg 300w, https:\/\/casesvintiu.com\/wp-content\/uploads\/2023\/06\/cases-vint-i-u-07-768x512.jpg 768w\" sizes=\"(max-width: 800px) 100vw, 800px\" \/>\t\t\t\t\t\t\t\t\t\t\t\t\t\t\t<\/div>\n\t\t\t\t<\/div>\n\t\t\t\t<\/div>\n\t\t\t\t<\/section>\n\t\t<section class=\"elementor-element elementor-element-3701f74 e-flex e-con-boxed e-con e-parent\" data-id=\"3701f74\" data-element_type=\"container\" data-e-type=\"container\" id=\"glueck\" data-settings=\"{&quot;background_background&quot;:&quot;gradient&quot;}\">\n\t\t\t\t\t<div class=\"e-con-inner\">\n\t\t<div class=\"elementor-element elementor-element-2aec2db e-con-full e-flex e-con e-child\" data-id=\"2aec2db\" data-element_type=\"container\" data-e-type=\"container\">\n\t\t\t\t<div class=\"elementor-element elementor-element-6fc28d7 elementor-widget elementor-widget-heading\" data-id=\"6fc28d7\" data-element_type=\"widget\" data-e-type=\"widget\" data-widget_type=\"heading.default\">\n\t\t\t\t<div class=\"elementor-widget-container\">\n\t\t\t\t\t<h3 class=\"elementor-heading-title elementor-size-default\">Seaside bliss at <br>CASES <span style=\"white-space: nowrap\">VINT-I-U<\/span><\/h3>\t\t\t\t<\/div>\n\t\t\t\t<\/div>\n\t\t\t\t<\/div>\n\t\t<div class=\"elementor-element elementor-element-fd521e9 e-con-full e-flex e-con e-child\" data-id=\"fd521e9\" data-element_type=\"container\" data-e-type=\"container\">\n\t\t\t\t<div class=\"elementor-element elementor-element-3b4b646 wave-mint-left elementor-position-top elementor-widget elementor-widget-image-box\" data-id=\"3b4b646\" data-element_type=\"widget\" data-e-type=\"widget\" data-widget_type=\"image-box.default\">\n\t\t\t\t<div class=\"elementor-widget-container\">\n\t\t\t\t\t<div class=\"elementor-image-box-wrapper\"><figure class=\"elementor-image-box-img\"><a href=\"https:\/\/casesvintiu.com\/en\/caseta-pi\/\" tabindex=\"-1\"><img decoding=\"async\" width=\"1000\" height=\"1218\" src=\"https:\/\/casesvintiu.com\/wp-content\/uploads\/2023\/06\/caseta-pi-59.jpg\" class=\"elementor-animation-float attachment-full size-full wp-image-335\" alt=\"\" srcset=\"https:\/\/casesvintiu.com\/wp-content\/uploads\/2023\/06\/caseta-pi-59.jpg 1000w, https:\/\/casesvintiu.com\/wp-content\/uploads\/2023\/06\/caseta-pi-59-246x300.jpg 246w, https:\/\/casesvintiu.com\/wp-content\/uploads\/2023\/06\/caseta-pi-59-841x1024.jpg 841w, https:\/\/casesvintiu.com\/wp-content\/uploads\/2023\/06\/caseta-pi-59-768x935.jpg 768w\" sizes=\"(max-width: 1000px) 100vw, 1000px\" \/><\/a><\/figure><div class=\"elementor-image-box-content\"><h4 class=\"elementor-image-box-title\"><a href=\"https:\/\/casesvintiu.com\/en\/caseta-pi\/\">Caseta Pi \u2013 our Pine House<\/a><\/h4><p class=\"elementor-image-box-description\">Our Caseta Pi is located in a little pine forest one row back from the sea, and is the perfect place for your dream holiday. The modern, stylish Pine House offers space, tranquillity and sea views to ensure you can enjoy to the max in any season.<\/p><\/div><\/div>\t\t\t\t<\/div>\n\t\t\t\t<\/div>\n\t\t\t\t<div class=\"elementor-element elementor-element-d94cd79 button-wave elementor-widget elementor-widget-text-editor\" data-id=\"d94cd79\" data-element_type=\"widget\" data-e-type=\"widget\" data-widget_type=\"text-editor.default\">\n\t\t\t\t<div class=\"elementor-widget-container\">\n\t\t\t\t\t\t\t\t\t<p><a href=\"https:\/\/casesvintiu.com\/en\/caseta-pi\/\">Read more<\/a><\/p>\n\t\t\t\t\t\t\t\t<\/div>\n\t\t\t\t<\/div>\n\t\t\t\t<\/div>\n\t\t<div class=\"elementor-element elementor-element-0bc4b58 e-con-full e-flex e-con e-child\" data-id=\"0bc4b58\" data-element_type=\"container\" data-e-type=\"container\">\n\t\t\t\t<div class=\"elementor-element elementor-element-4cd71bd wave-blue-right elementor-position-top elementor-widget elementor-widget-image-box\" data-id=\"4cd71bd\" data-element_type=\"widget\" data-e-type=\"widget\" data-widget_type=\"image-box.default\">\n\t\t\t\t<div class=\"elementor-widget-container\">\n\t\t\t\t\t<div class=\"elementor-image-box-wrapper\"><figure class=\"elementor-image-box-img\"><a href=\"https:\/\/casesvintiu.com\/en\/caseta-mar\/\" tabindex=\"-1\"><img decoding=\"async\" width=\"1000\" height=\"1217\" src=\"https:\/\/casesvintiu.com\/wp-content\/uploads\/2023\/06\/caseta-mar-24.jpg\" class=\"elementor-animation-float attachment-full size-full wp-image-340\" alt=\"\" srcset=\"https:\/\/casesvintiu.com\/wp-content\/uploads\/2023\/06\/caseta-mar-24.jpg 1000w, https:\/\/casesvintiu.com\/wp-content\/uploads\/2023\/06\/caseta-mar-24-247x300.jpg 247w, https:\/\/casesvintiu.com\/wp-content\/uploads\/2023\/06\/caseta-mar-24-841x1024.jpg 841w, https:\/\/casesvintiu.com\/wp-content\/uploads\/2023\/06\/caseta-mar-24-768x935.jpg 768w\" sizes=\"(max-width: 1000px) 100vw, 1000px\" \/><\/a><\/figure><div class=\"elementor-image-box-content\"><h4 class=\"elementor-image-box-title\"><a href=\"https:\/\/casesvintiu.com\/en\/caseta-mar\/\">Caseta Mar \u2013 our Sea House<\/a><\/h4><p class=\"elementor-image-box-description\">Indulge in panoramic views of the stunning bay every day. You\u2019ll be able to watch the sun glinting on the sea right from your terrace. Soak in the holiday vibes and enjoy the stylish regional atmosphere of Caseta Mar.<\/p><\/div><\/div>\t\t\t\t<\/div>\n\t\t\t\t<\/div>\n\t\t\t\t<div class=\"elementor-element elementor-element-9c28dac button-wave elementor-widget elementor-widget-text-editor\" data-id=\"9c28dac\" data-element_type=\"widget\" data-e-type=\"widget\" data-widget_type=\"text-editor.default\">\n\t\t\t\t<div class=\"elementor-widget-container\">\n\t\t\t\t\t\t\t\t\t<p><a href=\"https:\/\/casesvintiu.com\/en\/caseta-mar\/\">Read more<\/a><\/p>\n\t\t\t\t\t\t\t\t<\/div>\n\t\t\t\t<\/div>\n\t\t\t\t<\/div>\n\t\t\t\t\t<\/div>\n\t\t\t\t<\/section>\n\t\t<div class=\"elementor-element elementor-element-c1d1d27 e-con-full e-flex e-con e-parent\" data-id=\"c1d1d27\" data-element_type=\"container\" data-e-type=\"container\" data-settings=\"{&quot;background_background&quot;:&quot;classic&quot;}\">\n\t\t<div class=\"elementor-element elementor-element-31b08a6d e-flex e-con-boxed e-con e-child\" data-id=\"31b08a6d\" data-element_type=\"container\" data-e-type=\"container\">\n\t\t\t\t\t<div class=\"e-con-inner\">\n\t\t<div class=\"elementor-element elementor-element-1a723cc2 e-con-full e-flex e-con e-child\" data-id=\"1a723cc2\" data-element_type=\"container\" data-e-type=\"container\">\n\t\t\t\t<div class=\"elementor-element elementor-element-514e6802 elementor-widget elementor-widget-text-editor\" data-id=\"514e6802\" data-element_type=\"widget\" data-e-type=\"widget\" data-widget_type=\"text-editor.default\">\n\t\t\t\t<div class=\"elementor-widget-container\">\n\t\t\t\t\t\t\t\t\t<h3>Guest review<\/h3>\n\t\t\t\t\t\t\t\t<\/div>\n\t\t\t\t<\/div>\n\t\t\t\t<\/div>\n\t\t<div class=\"elementor-element elementor-element-621053f5 e-con-full e-flex e-con e-child\" data-id=\"621053f5\" data-element_type=\"container\" data-e-type=\"container\">\n\t\t\t\t<div class=\"elementor-element elementor-element-2d3ca21 elementor-widget elementor-widget-image\" data-id=\"2d3ca21\" data-element_type=\"widget\" data-e-type=\"widget\" data-widget_type=\"image.default\">\n\t\t\t\t<div class=\"elementor-widget-container\">\n\t\t\t\t\t\t\t\t\t\t\t\t\t\t\t<img loading=\"lazy\" decoding=\"async\" width=\"100\" height=\"100\" src=\"https:\/\/casesvintiu.com\/wp-content\/uploads\/2023\/08\/quote-full-beige.svg\" class=\"attachment-large size-large wp-image-1613\" alt=\"\" \/>\t\t\t\t\t\t\t\t\t\t\t\t\t\t\t<\/div>\n\t\t\t\t<\/div>\n\t\t\t\t<div class=\"elementor-element elementor-element-5b585b8e elementor-widget elementor-widget-text-editor\" data-id=\"5b585b8e\" data-element_type=\"widget\" data-e-type=\"widget\" data-widget_type=\"text-editor.default\">\n\t\t\t\t<div class=\"elementor-widget-container\">\n\t\t\t\t\t\t\t\t\t<p>L&#8217;emplacement est privil\u00e9gi\u00e9, la vue sur la mer magnifique d\u00e8s le r\u00e9veil&#8230;<\/p>\n\t\t\t\t\t\t\t\t<\/div>\n\t\t\t\t<\/div>\n\t\t\t\t<div class=\"elementor-element elementor-element-18c40fe elementor-widget elementor-widget-text-editor\" data-id=\"18c40fe\" data-element_type=\"widget\" data-e-type=\"widget\" data-widget_type=\"text-editor.default\">\n\t\t\t\t<div class=\"elementor-widget-container\">\n\t\t\t\t\t\t\t\t\t<p>Marianne &amp; Frederic<\/p>\n\t\t\t\t\t\t\t\t<\/div>\n\t\t\t\t<\/div>\n\t\t\t\t<div class=\"elementor-element elementor-element-6a3dc575 elementor-widget elementor-widget-text-editor\" data-id=\"6a3dc575\" data-element_type=\"widget\" data-e-type=\"widget\" data-widget_type=\"text-editor.default\">\n\t\t\t\t<div class=\"elementor-widget-container\">\n\t\t\t\t\t\t\t\t\t<p>August 2023<\/p>\n\t\t\t\t\t\t\t\t<\/div>\n\t\t\t\t<\/div>\n\t\t\t\t<\/div>\n\t\t\t\t\t<\/div>\n\t\t\t\t<\/div>\n\t\t\t\t<\/div>\n\t\t<section class=\"elementor-element elementor-element-326c974d e-con-full e-flex e-con e-parent\" data-id=\"326c974d\" data-element_type=\"container\" data-e-type=\"container\" data-settings=\"{&quot;background_background&quot;:&quot;classic&quot;}\">\n\t\t<div class=\"elementor-element elementor-element-66da1e35 e-con-full e-flex e-con e-child\" data-id=\"66da1e35\" data-element_type=\"container\" data-e-type=\"container\">\n\t\t\t\t<div class=\"elementor-element elementor-element-749908ae wobble-right elementor-widget elementor-widget-image\" data-id=\"749908ae\" data-element_type=\"widget\" data-e-type=\"widget\" data-widget_type=\"image.default\">\n\t\t\t\t<div class=\"elementor-widget-container\">\n\t\t\t\t\t\t\t\t\t\t\t\t\t\t\t<img loading=\"lazy\" decoding=\"async\" width=\"800\" height=\"534\" src=\"https:\/\/casesvintiu.com\/wp-content\/uploads\/2023\/06\/ludwig-julia.jpg\" class=\"attachment-large size-large wp-image-1424\" alt=\"\" srcset=\"https:\/\/casesvintiu.com\/wp-content\/uploads\/2023\/06\/ludwig-julia.jpg 1000w, https:\/\/casesvintiu.com\/wp-content\/uploads\/2023\/06\/ludwig-julia-300x200.jpg 300w, https:\/\/casesvintiu.com\/wp-content\/uploads\/2023\/06\/ludwig-julia-768x512.jpg 768w\" sizes=\"(max-width: 800px) 100vw, 800px\" \/>\t\t\t\t\t\t\t\t\t\t\t\t\t\t\t<\/div>\n\t\t\t\t<\/div>\n\t\t\t\t<\/div>\n\t\t<div class=\"elementor-element elementor-element-c4efb60 e-con-full e-flex e-con e-child\" data-id=\"c4efb60\" data-element_type=\"container\" data-e-type=\"container\">\n\t\t\t\t<div class=\"elementor-element elementor-element-4cb38dd6 wave-beige elementor-widget elementor-widget-heading\" data-id=\"4cb38dd6\" data-element_type=\"widget\" data-e-type=\"widget\" data-widget_type=\"heading.default\">\n\t\t\t\t<div class=\"elementor-widget-container\">\n\t\t\t\t\t<h3 class=\"elementor-heading-title elementor-size-default\">We\u2019re your hosts<\/h3>\t\t\t\t<\/div>\n\t\t\t\t<\/div>\n\t\t\t\t<div class=\"elementor-element elementor-element-2a752525 elementor-widget elementor-widget-text-editor\" data-id=\"2a752525\" data-element_type=\"widget\" data-e-type=\"widget\" data-widget_type=\"text-editor.default\">\n\t\t\t\t<div class=\"elementor-widget-container\">\n\t\t\t\t\t\t\t\t\t<p>Hello! We\u2019re Julia and Ludwig.<\/p>\n<p>With our children and often also our extended family, we\u2019ve long felt right at home in the Sea House and have spent many wonderful days here. With our children and often also our extended family, we\u2019ve long felt right at home in the Sea House and have spent many wonderful days here.<\/p>\n\t\t\t\t\t\t\t\t<\/div>\n\t\t\t\t<\/div>\n\t\t\t\t<div class=\"elementor-element elementor-element-c736fe1 button-wave elementor-widget elementor-widget-text-editor\" data-id=\"c736fe1\" data-element_type=\"widget\" data-e-type=\"widget\" data-widget_type=\"text-editor.default\">\n\t\t\t\t<div class=\"elementor-widget-container\">\n\t\t\t\t\t\t\t\t\t<p><a href=\"https:\/\/casesvintiu.com\/en\/about-us\/\">More about us<\/a><\/p>\n\t\t\t\t\t\t\t\t<\/div>\n\t\t\t\t<\/div>\n\t\t\t\t<\/div>\n\t\t\t\t<\/section>\n\t\t\t\t<\/div>\n\t\t","protected":false},"excerpt":{"rendered":"<p>CASES VINT-I-UHoliday homes on the Costa Brava Dream seaside holidays for 4-6 people Holiday bliss in the Pine or Sea House The CASES VINT-I-U are two holiday homes \u2013 Caseta Pi and Caseta Mar, also known as the Pine House and Sea House. It\u2019s just a few steps down to the water and a couple [&hellip;]<\/p>\n","protected":false},"author":1,"featured_media":0,"parent":0,"menu_order":0,"comment_status":"closed","ping_status":"closed","template":"","meta":{"footnotes":""},"class_list":["post-1619","page","type-page","status-publish","hentry"],"_links":{"self":[{"href":"https:\/\/casesvintiu.com\/en\/wp-json\/wp\/v2\/pages\/1619","targetHints":{"allow":["GET"]}}],"collection":[{"href":"https:\/\/casesvintiu.com\/en\/wp-json\/wp\/v2\/pages"}],"about":[{"href":"https:\/\/casesvintiu.com\/en\/wp-json\/wp\/v2\/types\/page"}],"author":[{"embeddable":true,"href":"https:\/\/casesvintiu.com\/en\/wp-json\/wp\/v2\/users\/1"}],"replies":[{"embeddable":true,"href":"https:\/\/casesvintiu.com\/en\/wp-json\/wp\/v2\/comments?post=1619"}],"version-history":[{"count":0,"href":"https:\/\/casesvintiu.com\/en\/wp-json\/wp\/v2\/pages\/1619\/revisions"}],"wp:attachment":[{"href":"https:\/\/casesvintiu.com\/en\/wp-json\/wp\/v2\/media?parent=1619"}],"curies":[{"name":"wp","href":"https:\/\/api.w.org\/{rel}","templated":true}]}}